{"id":11,"date":"2023-10-28T17:47:13","date_gmt":"2023-10-28T15:47:13","guid":{"rendered":"https:\/\/sois.ch\/?page_id=11"},"modified":"2023-10-29T14:46:59","modified_gmt":"2023-10-29T13:46:59","slug":"bienvenue","status":"publish","type":"page","link":"https:\/\/sois.ch\/","title":{"rendered":"Bienvenue"},"content":{"rendered":"<div class=\"is-default-size aligncenter wp-block-site-logo wp-duotone-unset-1\"><a href=\"https:\/\/sois.ch\/\" class=\"custom-logo-link\" rel=\"home\"><img loading=\"lazy\" decoding=\"async\" width=\"600\" height=\"600\" src=\"https:\/\/sois.ch\/wp-content\/uploads\/2023\/10\/Logo_1.png\" class=\"custom-logo\" alt=\"Sois seulement\" srcset=\"https:\/\/sois.ch\/wp-content\/uploads\/2023\/10\/Logo_1.png 600w, https:\/\/sois.ch\/wp-content\/uploads\/2023\/10\/Logo_1-300x300.png 300w, https:\/\/sois.ch\/wp-content\/uploads\/2023\/10\/Logo_1-150x150.png 150w\" sizes=\"auto, (max-width: 600px) 100vw, 600px\" \/><\/a><\/div>\n\n\n<h5 class=\"wp-block-heading has-text-align-center has-vivid-red-color has-text-color\">Si tu r\u00e9alises le sens profond de ces quelques vers, alors tu n\u2019as plus rien a chercher ou a attendre &#8230;<\/h5>\n\n\n\n<figure class=\"wp-block-image size-large has-custom-border is-style-rounded\"><img loading=\"lazy\" decoding=\"async\" width=\"1024\" height=\"768\" src=\"https:\/\/sois.ch\/wp-content\/uploads\/2023\/10\/Home_Page_01-1024x768.jpg\" alt=\"\" class=\"wp-image-13\" style=\"border-width:8px;border-radius:50px\" srcset=\"https:\/\/sois.ch\/wp-content\/uploads\/2023\/10\/Home_Page_01-1024x768.jpg 1024w, https:\/\/sois.ch\/wp-content\/uploads\/2023\/10\/Home_Page_01-300x225.jpg 300w, https:\/\/sois.ch\/wp-content\/uploads\/2023\/10\/Home_Page_01-768x576.jpg 768w, https:\/\/sois.ch\/wp-content\/uploads\/2023\/10\/Home_Page_01-1536x1152.jpg 1536w, https:\/\/sois.ch\/wp-content\/uploads\/2023\/10\/Home_Page_01.jpg 1980w\" sizes=\"auto, (max-width: 1024px) 100vw, 1024px\" \/><\/figure>\n\n\n\n<pre class=\"wp-block-verse has-text-align-center\"><em>Bienvenue \u00e0 toi, ami, amie, Anonyme Visiteur,\nl\u00e0, sur cette page cr\u00e9\u00e9e pour les Webs fl\u00e2neurs.\nSimple distraction, amusement, jeu du Conteur,\nsans but, sans finalit\u00e9, sans qu\u00eate d\u2019honneurs.\n\nIci, pas de r\u00e9v\u00e9lations, rien de sensationnel.\nPeut-\u00eatre que tu trouves tout cela irrationnel,\nalors, passe ton chemin, poursuit ton errance.\nCercle infini, sans fin est sa circonf\u00e9rence!\n\nSi, par chance, tu interromps ta folle course,\nil est possible que tu retournes \u00e0 la source,\nau centre du cercle, et que de l\u00e0, tranquille,\ntu contempleras la danse des fous, des d\u00e9biles.\n\nSimplement, naturellement, sois toi-m\u00eame, Sois!\nSans \u00e9tiquette, sans artifice, sans ego, Sois!\nInsouciant, r\u00eaveur, libre, tel l\u2019enfant, Sois!\nSans pass\u00e9, sans futur, dans le pr\u00e9sent, Sois!<\/em><\/pre>\n\n\n\n<figure class=\"wp-block-image size-large has-custom-border is-style-rounded\"><img loading=\"lazy\" decoding=\"async\" width=\"1024\" height=\"768\" src=\"https:\/\/sois.ch\/wp-content\/uploads\/2023\/10\/Home_Page_02-1024x768.jpg\" alt=\"\" class=\"wp-image-14\" style=\"border-width:8px;border-radius:50px\" srcset=\"https:\/\/sois.ch\/wp-content\/uploads\/2023\/10\/Home_Page_02-1024x768.jpg 1024w, https:\/\/sois.ch\/wp-content\/uploads\/2023\/10\/Home_Page_02-300x225.jpg 300w, https:\/\/sois.ch\/wp-content\/uploads\/2023\/10\/Home_Page_02-768x576.jpg 768w, https:\/\/sois.ch\/wp-content\/uploads\/2023\/10\/Home_Page_02-1536x1152.jpg 1536w, https:\/\/sois.ch\/wp-content\/uploads\/2023\/10\/Home_Page_02.jpg 1980w\" sizes=\"auto, (max-width: 1024px) 100vw, 1024px\" \/><\/figure>\n\n\n\n<pre class=\"wp-block-verse has-text-align-center\"><em>Le nom de Nicolas a \u00e9t\u00e9 donn\u00e9 jadis au conteur,\nc\u2019\u00e9tait \u00e0 sa naissance, apr\u00e8s la grande douleur.\nMais le vrai Conteur n\u2019est pas uniquement cela!\nNi corps, ni pens\u00e9e, ni ego, mais bien au-del\u00e0.\n\nDans la rue, lui, il se fond dans la multitude.\nAu-dehors, le conteur est comme tout le monde,\nla diff\u00e9rence est \u00e0 l\u2019int\u00e9rieur, plus profonde:\nla paix, le calme, sans agitation, ni servitude.<\/em><\/pre>\n","protected":false},"excerpt":{"rendered":"<p>Si tu r\u00e9alises le sens profond de ces quelques vers, alors tu n\u2019as plus rien a chercher ou a attendre &#8230; Bienvenue \u00e0 toi, ami, amie, Anonyme Visiteur, l\u00e0, sur cette page cr\u00e9\u00e9e pour les Webs fl\u00e2neurs. Simple distraction, amusement, jeu du Conteur, sans but, sans finalit\u00e9, sans qu\u00eate d\u2019honneurs. Ici, pas de r\u00e9v\u00e9lations, rien [&hellip;]<\/p>\n","protected":false},"author":1,"featured_media":0,"parent":0,"menu_order":0,"comment_status":"closed","ping_status":"closed","template":"page-large-header","meta":{"footnotes":""},"class_list":["post-11","page","type-page","status-publish","hentry"],"_links":{"self":[{"href":"https:\/\/sois.ch\/index.php\/wp-json\/wp\/v2\/pages\/11","targetHints":{"allow":["GET"]}}],"collection":[{"href":"https:\/\/sois.ch\/index.php\/wp-json\/wp\/v2\/pages"}],"about":[{"href":"https:\/\/sois.ch\/index.php\/wp-json\/wp\/v2\/types\/page"}],"author":[{"embeddable":true,"href":"https:\/\/sois.ch\/index.php\/wp-json\/wp\/v2\/users\/1"}],"replies":[{"embeddable":true,"href":"https:\/\/sois.ch\/index.php\/wp-json\/wp\/v2\/comments?post=11"}],"version-history":[{"count":8,"href":"https:\/\/sois.ch\/index.php\/wp-json\/wp\/v2\/pages\/11\/revisions"}],"predecessor-version":[{"id":31,"href":"https:\/\/sois.ch\/index.php\/wp-json\/wp\/v2\/pages\/11\/revisions\/31"}],"wp:attachment":[{"href":"https:\/\/sois.ch\/index.php\/wp-json\/wp\/v2\/media?parent=11"}],"curies":[{"name":"wp","href":"https:\/\/api.w.org\/{rel}","templated":true}]}}